{"id":654,"date":"2023-08-20T09:21:04","date_gmt":"2023-08-20T07:21:04","guid":{"rendered":"http:\/\/localhost\/wordpress\/?post_type=product&#038;p=654"},"modified":"2023-09-30T12:23:27","modified_gmt":"2023-09-30T10:23:27","slug":"portage","status":"publish","type":"product","link":"https:\/\/aude-kine.fr\/ateliers\/produit\/portage\/","title":{"rendered":"Atelier Portage Physiologique"},"content":{"rendered":"<p>Cet atelier de\u00a0<b>1h<\/b>\u00a0est destin\u00e9 aux parents ou futurs parents n\u2019ayant jamais ou peu port\u00e9 leur enfant avec un moyen de portage b\u00e9b\u00e9 traditionnel.<\/p>\n<p>Vous apprendrez \u00e0\u00a0bien porter\u00a0votre b\u00e9b\u00e9 \u00e0 bras et \u00e0 l\u2019aide d\u2019un moyen de portage physiologique.<\/p>\n<p>Nous parlerons de\u00a0physiologie\u00a0du b\u00e9b\u00e9, nous verrons les\u00a0diff\u00e9rents moyens de portage physiologique,<br \/>\nnous ferons beaucoup de pratique et nous apprendrons les r\u00e8gles de s\u00e9curit\u00e9 \u00e0 respecter.<\/p>\n<p><b>C&rsquo;est un temps d&rsquo;\u00e9change\u00a0<\/b>\u00e9galement et vous pourrez poser vos questions!<\/p>\n<p>Cet atelier est anim\u00e9 par Aude GELDRON, masseur kin\u00e9sith\u00e9rapeute p\u00e9diatrique.<\/p>\n<p>Aude GELDRON\u00a0FORMATIONS:\u00a0Mouvements g\u00e9n\u00e9raux\/\u00a0Portage physiologique\/\u00a0La plagioc\u00e9phalie et le torticoli du nourrisson\/\u00a0Dipl\u00f4me Universitaire (D.U) p\u00e9diatrique\u00a0: prise en charge du nourrisson vuln\u00e9rable &#8211; pluridisciplinarit\u00e9\/\u00a0Niveau d&rsquo;Evolution Motrice niveau 1\/\u00a0Massage b\u00e9b\u00e9\/\u00a0Les freins restrictifs buccaux\u00a0: au-del\u00e0 de l\u2019allaitement maternel\/\u00a0Th\u00e9rapie manuelle en p\u00e9diatrie\/\u00a0Kin\u00e9sith\u00e9rapie et traitement fonctionnel des malpositions et malformations des pieds des nourrissons\/\u00a0Bronchiolite\u00a0: Kin\u00e9sith\u00e9rapie respiratoire p\u00e9diatrique. Des recommandations \u00e0 la pratique de ville\/\u00a0Evaluer et soulager la douleur\u00a0: pour une am\u00e9lioration de la qualit\u00e9 de vie des personnes accueillies en structure IME\/MAS<\/p>\n<p><a href=\"https:\/\/aude-kine.fr\/ateliers\/\"><img loading=\"lazy\" decoding=\"async\" class=\"alignnone wp-image-1219 size-full\" src=\"https:\/\/aude-kine.fr\/ateliers\/wp-content\/uploads\/2023\/09\/reserv-e1696069148122.png\" alt=\"\" width=\"237\" height=\"77\" \/><\/a><\/p>\n","protected":false},"excerpt":{"rendered":"<p>Cet atelier de\u00a01h\u00a0est destin\u00e9 aux parents ou futurs parents n\u2019ayant jamais ou peu port\u00e9 leur enfant avec un moyen de portage b\u00e9b\u00e9 traditionnel. Vous apprendrez \u00e0\u00a0bien porter\u00a0votre b\u00e9b\u00e9 \u00e0 bras et \u00e0 l\u2019aide d\u2019un moyen de portage physiologique. Nous parlerons de\u00a0physiologie\u00a0du b\u00e9b\u00e9, nous verrons les\u00a0diff\u00e9rents moyens de portage physiologique, nous ferons beaucoup de pratique et&hellip;&nbsp;<a href=\"https:\/\/aude-kine.fr\/ateliers\/produit\/portage\/\" class=\"\" rel=\"bookmark\">Lire la suite &raquo;<span class=\"screen-reader-text\">Atelier Portage Physiologique<\/span><\/a><\/p>\n","protected":false},"featured_media":1170,"template":"","meta":{"neve_meta_sidebar":"","neve_meta_container":"","neve_meta_enable_content_width":"off","neve_meta_content_width":100,"neve_meta_title_alignment":"","neve_meta_author_avatar":"","neve_post_elements_order":"","neve_meta_disable_header":"","neve_meta_disable_footer":"","neve_meta_disable_title":"","_themeisle_gutenberg_block_has_review":false},"product_cat":[22],"product_tag":[],"class_list":{"0":"post-654","1":"product","2":"type-product","3":"status-publish","4":"has-post-thumbnail","6":"product_cat-cabinet-fief-de-la-mare","8":"first","9":"instock","10":"virtual","11":"product-type-simple"},"_links":{"self":[{"href":"https:\/\/aude-kine.fr\/ateliers\/wp-json\/wp\/v2\/product\/654"}],"collection":[{"href":"https:\/\/aude-kine.fr\/ateliers\/wp-json\/wp\/v2\/product"}],"about":[{"href":"https:\/\/aude-kine.fr\/ateliers\/wp-json\/wp\/v2\/types\/product"}],"wp:featuredmedia":[{"embeddable":true,"href":"https:\/\/aude-kine.fr\/ateliers\/wp-json\/wp\/v2\/media\/1170"}],"wp:attachment":[{"href":"https:\/\/aude-kine.fr\/ateliers\/wp-json\/wp\/v2\/media?parent=654"}],"wp:term":[{"taxonomy":"product_cat","embeddable":true,"href":"https:\/\/aude-kine.fr\/ateliers\/wp-json\/wp\/v2\/product_cat?post=654"},{"taxonomy":"product_tag","embeddable":true,"href":"https:\/\/aude-kine.fr\/ateliers\/wp-json\/wp\/v2\/product_tag?post=654"}],"curies":[{"name":"wp","href":"https:\/\/api.w.org\/{rel}","templated":true}]}}