{"id":362,"date":"2023-08-02T19:43:25","date_gmt":"2023-08-02T17:43:25","guid":{"rendered":"https:\/\/aude-kine.fr\/pediateam\/?post_type=product&#038;p=362"},"modified":"2024-02-03T09:37:24","modified_gmt":"2024-02-03T08:37:24","slug":"adhesion-etudiante","status":"publish","type":"product","link":"https:\/\/aude-kine.fr\/ateliers\/produit\/adhesion-etudiante\/","title":{"rendered":"Groupe 1H"},"content":{"rendered":"<p><span style=\"color: #12141d; font-family: Verdana;\">Le massage pour b\u00e9b\u00e9 est, \u00e0 ce jour, une technique incontournable dans la prise en charge du tout-petit par les Masseurs kin\u00e9sith\u00e9rapeutes.\u00a0<b>Il favorise la relaxation de b\u00e9b\u00e9 (d\u00e9tente), soulage les petits maux (digestion) mais aussi stimule son d\u00e9veloppement psychomoteur et son \u00e9veil.<\/b><\/span><\/p>\n<p>Le praticien utilisera des techniques de massages diff\u00e9rentes tel que le massage bien-\u00eatre, le massage traditionnel indien, en passant par la r\u00e9flexologie (acupression).<\/p>\n<p>Le professionnel de sant\u00e9 pourra ainsi masser b\u00e9b\u00e9 pendant sa s\u00e9ance mais surtout\u00a0<b>apprendre aux parents, afin de renforcer le lien d\u2019attachement parent enfant.<\/b><\/p>\n<p>La s\u00e9ance de groupe permet de rencontrer d&rsquo;autres parents et\u00a0<b>d&rsquo;\u00e9changer.\u00a0<\/b><\/p>\n<p><span style=\"color: #12141d; font-family: Verdana;\">L&rsquo;atelier est\u00a0\u00e0 la fois th\u00e9orique et pratique.\u00a0Vous apprendrez les indications et contre indications, les man\u0153uvres\u00a0et les sp\u00e9cificit\u00e9s li\u00e9 \u00e0 votre b\u00e9b\u00e9.<\/span><\/p>\n<p><span style=\"color: #12141d; font-family: Verdana;\">Une\u00a0feuille r\u00e9capitulative et une huile neutre\u00a0est offerte en fin de s\u00e9ance pour refaire \u00e0 votre guise ce que vous venez d&rsquo;apprendre!<\/span><\/p>\n<p><span style=\"font-family: Verdana;\">Groupe de\u00a0<b>4 b\u00e9b\u00e9s maximum\/ 1h<\/b><\/span><\/p>\n<p>Cet atelier est anim\u00e9 par Aude GELDRON, masseur kin\u00e9sith\u00e9rapeute p\u00e9diatrique.<\/p>\n<p><a href=\"https:\/\/aude-kine.fr\/ateliers\/\"><img loading=\"lazy\" decoding=\"async\" class=\"alignnone wp-image-1219 size-full\" src=\"https:\/\/aude-kine.fr\/ateliers\/wp-content\/uploads\/2023\/09\/reserv-e1696069148122.png\" alt=\"\" width=\"237\" height=\"77\" \/><\/a><\/p>\n","protected":false},"excerpt":{"rendered":"<p>Le massage pour b\u00e9b\u00e9 est, \u00e0 ce jour, une technique incontournable dans la prise en charge du tout-petit par les Masseurs kin\u00e9sith\u00e9rapeutes.\u00a0Il favorise la relaxation de b\u00e9b\u00e9 (d\u00e9tente), soulage les petits maux (digestion) mais aussi stimule son d\u00e9veloppement psychomoteur et son \u00e9veil. Le praticien utilisera des techniques de massages diff\u00e9rentes tel que le massage bien-\u00eatre,&hellip;&nbsp;<a href=\"https:\/\/aude-kine.fr\/ateliers\/produit\/adhesion-etudiante\/\" class=\"\" rel=\"bookmark\">Lire la suite &raquo;<span class=\"screen-reader-text\">Groupe 1H<\/span><\/a><\/p>\n","protected":false},"featured_media":1149,"template":"","meta":{"neve_meta_sidebar":"","neve_meta_container":"","neve_meta_enable_content_width":"off","neve_meta_content_width":100,"neve_meta_title_alignment":"","neve_meta_author_avatar":"","neve_post_elements_order":"","neve_meta_disable_header":"","neve_meta_disable_footer":"","neve_meta_disable_title":"","_themeisle_gutenberg_block_has_review":false},"product_cat":[22],"product_tag":[],"class_list":{"0":"post-362","1":"product","2":"type-product","3":"status-publish","4":"has-post-thumbnail","6":"product_cat-cabinet-fief-de-la-mare","8":"first","9":"instock","10":"virtual","11":"product-type-simple"},"_links":{"self":[{"href":"https:\/\/aude-kine.fr\/ateliers\/wp-json\/wp\/v2\/product\/362"}],"collection":[{"href":"https:\/\/aude-kine.fr\/ateliers\/wp-json\/wp\/v2\/product"}],"about":[{"href":"https:\/\/aude-kine.fr\/ateliers\/wp-json\/wp\/v2\/types\/product"}],"wp:featuredmedia":[{"embeddable":true,"href":"https:\/\/aude-kine.fr\/ateliers\/wp-json\/wp\/v2\/media\/1149"}],"wp:attachment":[{"href":"https:\/\/aude-kine.fr\/ateliers\/wp-json\/wp\/v2\/media?parent=362"}],"wp:term":[{"taxonomy":"product_cat","embeddable":true,"href":"https:\/\/aude-kine.fr\/ateliers\/wp-json\/wp\/v2\/product_cat?post=362"},{"taxonomy":"product_tag","embeddable":true,"href":"https:\/\/aude-kine.fr\/ateliers\/wp-json\/wp\/v2\/product_tag?post=362"}],"curies":[{"name":"wp","href":"https:\/\/api.w.org\/{rel}","templated":true}]}}