{"id":361,"date":"2023-08-02T19:43:18","date_gmt":"2023-08-02T17:43:18","guid":{"rendered":"https:\/\/aude-kine.fr\/pediateam\/?post_type=product&#038;p=361"},"modified":"2023-09-30T12:24:05","modified_gmt":"2023-09-30T10:24:05","slug":"kine-osteo","status":"publish","type":"product","link":"https:\/\/aude-kine.fr\/ateliers\/produit\/kine-osteo\/","title":{"rendered":"Duo Kin\u00e9 &#8211; Ost\u00e9o"},"content":{"rendered":"<p>Afin de\u00a0<b>travailler en synergie et d&rsquo;avoir une compl\u00e9mentarit\u00e9\u00a0<\/b>de la prise en charge,\u00a0<b>Aude GELDRON<\/b>\u00a0masseur kin\u00e9sith\u00e9rapeute p\u00e9diatrique et\u00a0<b>Baptiste MANCA BARAYRE<\/b>\u00a0ost\u00e9opathe p\u00e9diatrique vous proposent des s\u00e9ances en DUO pour votre enfant.<\/p>\n<p><b>La s\u00e9ance s&rsquo;adapte \u00e0 votre b\u00e9b\u00e9\u00a0<\/b>et les professionnels r\u00e9gulent les soins en fonction de la disponibilit\u00e9 de votre loulou.<\/p>\n<p>45 min<\/p>\n<p>Baptiste MANCA BARAYRE<\/p>\n<p>FORMATIONS:\u00a0Prise en charge pluridisciplinaire des freins restrictifs\u00a0buccaux\/\u00a0Certificat de formation femme enceinte et post partum\/\u00a0Certificat de formation ost\u00e9opathie et odontologie\/\u00a0Ost\u00e9opathie tissulaire\/\u00a0Formation en ost\u00e9opathie p\u00e9diatrique et p\u00e9rinatale\/\u00a0Certificat de formation en posturologie<\/p>\n<p>Aude GELDRON<\/p>\n<p>FORMATIONS:\u00a0Mouvements g\u00e9n\u00e9raux\/\u00a0Portage physiologique\/\u00a0La plagioc\u00e9phalie et le torticoli du nourrisson\/\u00a0Dipl\u00f4me Universitaire (D.U) p\u00e9diatrique\u00a0: prise en charge du nourrisson vuln\u00e9rable &#8211; pluridisciplinarit\u00e9\/\u00a0Niveau d&rsquo;Evolution Motrice niveau 1\/\u00a0Massage b\u00e9b\u00e9\/\u00a0Les freins restrictifs buccaux\u00a0: au-del\u00e0 de l\u2019allaitement maternel\/\u00a0Th\u00e9rapie manuelle en p\u00e9diatrie\/\u00a0Kin\u00e9sith\u00e9rapie et traitement fonctionnel des malpositions et malformations des pieds des nourrissons\/\u00a0Bronchiolite\u00a0: Kin\u00e9sith\u00e9rapie respiratoire p\u00e9diatrique. Des recommandations \u00e0 la pratique de ville\/\u00a0Evaluer et soulager la douleur\u00a0: pour une am\u00e9lioration de la qualit\u00e9 de vie des personnes accueillies en structure IME\/MAS<\/p>\n<p><a href=\"https:\/\/aude-kine.fr\/ateliers\/\"><img loading=\"lazy\" decoding=\"async\" class=\"alignnone wp-image-1219 size-full\" src=\"https:\/\/aude-kine.fr\/ateliers\/wp-content\/uploads\/2023\/09\/reserv-e1696069148122.png\" alt=\"\" width=\"237\" height=\"77\" \/><\/a><\/p>\n<div class=\"dl-profile-text dl-profile-entry\">\n<div class=\"dl-profile-entry-label\"><\/div>\n<\/div>\n","protected":false},"excerpt":{"rendered":"<p>Afin de\u00a0travailler en synergie et d&rsquo;avoir une compl\u00e9mentarit\u00e9\u00a0de la prise en charge,\u00a0Aude GELDRON\u00a0masseur kin\u00e9sith\u00e9rapeute p\u00e9diatrique et\u00a0Baptiste MANCA BARAYRE\u00a0ost\u00e9opathe p\u00e9diatrique vous proposent des s\u00e9ances en DUO pour votre enfant. La s\u00e9ance s&rsquo;adapte \u00e0 votre b\u00e9b\u00e9\u00a0et les professionnels r\u00e9gulent les soins en fonction de la disponibilit\u00e9 de votre loulou. 45 min Baptiste MANCA BARAYRE FORMATIONS:\u00a0Prise en charge&hellip;&nbsp;<a href=\"https:\/\/aude-kine.fr\/ateliers\/produit\/kine-osteo\/\" class=\"\" rel=\"bookmark\">Lire la suite &raquo;<span class=\"screen-reader-text\">Duo Kin\u00e9 &#8211; Ost\u00e9o<\/span><\/a><\/p>\n","protected":false},"featured_media":1150,"template":"","meta":{"neve_meta_sidebar":"","neve_meta_container":"","neve_meta_enable_content_width":"off","neve_meta_content_width":100,"neve_meta_title_alignment":"","neve_meta_author_avatar":"","neve_post_elements_order":"","neve_meta_disable_header":"","neve_meta_disable_footer":"","neve_meta_disable_title":"","_themeisle_gutenberg_block_has_review":false},"product_cat":[22],"product_tag":[],"class_list":{"0":"post-361","1":"product","2":"type-product","3":"status-publish","4":"has-post-thumbnail","6":"product_cat-cabinet-fief-de-la-mare","8":"first","9":"instock","10":"virtual","11":"product-type-simple"},"_links":{"self":[{"href":"https:\/\/aude-kine.fr\/ateliers\/wp-json\/wp\/v2\/product\/361"}],"collection":[{"href":"https:\/\/aude-kine.fr\/ateliers\/wp-json\/wp\/v2\/product"}],"about":[{"href":"https:\/\/aude-kine.fr\/ateliers\/wp-json\/wp\/v2\/types\/product"}],"wp:featuredmedia":[{"embeddable":true,"href":"https:\/\/aude-kine.fr\/ateliers\/wp-json\/wp\/v2\/media\/1150"}],"wp:attachment":[{"href":"https:\/\/aude-kine.fr\/ateliers\/wp-json\/wp\/v2\/media?parent=361"}],"wp:term":[{"taxonomy":"product_cat","embeddable":true,"href":"https:\/\/aude-kine.fr\/ateliers\/wp-json\/wp\/v2\/product_cat?post=361"},{"taxonomy":"product_tag","embeddable":true,"href":"https:\/\/aude-kine.fr\/ateliers\/wp-json\/wp\/v2\/product_tag?post=361"}],"curies":[{"name":"wp","href":"https:\/\/api.w.org\/{rel}","templated":true}]}}